{"id":3064,"date":"2022-06-04T20:56:31","date_gmt":"2022-06-04T17:56:31","guid":{"rendered":"https:\/\/cursos.fixtech.com.br\/?page_id=3064"},"modified":"2022-09-13T23:50:52","modified_gmt":"2022-09-13T20:50:52","slug":"macos","status":"publish","type":"page","link":"https:\/\/fixtech.com.br\/cursos\/macos\/","title":{"rendered":"macOs"},"content":{"rendered":"","protected":false},"excerpt":{"rendered":"","protected":false},"author":1,"featured_media":0,"parent":0,"menu_order":0,"comment_status":"closed","ping_status":"closed","template":"","meta":{"_kadence_starter_templates_imported_post":false,"_kad_post_transparent":"","_kad_post_title":"","_kad_post_layout":"","_kad_post_sidebar_id":"","_kad_post_content_style":"","_kad_post_vertical_padding":"","_kad_post_feature":"","_kad_post_feature_position":"","_kad_post_header":false,"_kad_post_footer":false,"_joinchat":[],"footnotes":""},"class_list":["post-3064","page","type-page","status-publish","hentry"],"yoast_head":"<!-- This site is optimized with the Yoast SEO plugin v27.2 - https:\/\/yoast.com\/product\/yoast-seo-wordpress\/ -->\n<title>macOs - FixTech Training<\/title>\n<meta name=\"robots\" content=\"index, follow, max-snippet:-1, max-image-preview:large, max-video-preview:-1\" \/>\n<link rel=\"canonical\" href=\"https:\/\/fixtech.com.br\/cursos\/macos\/\" \/>\n<meta property=\"og:locale\" content=\"pt_BR\" \/>\n<meta property=\"og:type\" content=\"article\" \/>\n<meta property=\"og:title\" content=\"macOs - FixTech Training\" \/>\n<meta property=\"og:url\" content=\"https:\/\/fixtech.com.br\/cursos\/macos\/\" \/>\n<meta property=\"og:site_name\" content=\"FixTech Training\" \/>\n<meta property=\"article:publisher\" content=\"https:\/\/facebook.com\/fixtechbrasil\" \/>\n<meta property=\"article:modified_time\" content=\"2022-09-13T20:50:52+00:00\" \/>\n<meta name=\"twitter:card\" content=\"summary_large_image\" \/>\n<meta name=\"twitter:site\" content=\"@fixtechbrasil\" \/>\n<script type=\"application\/ld+json\" class=\"yoast-schema-graph\">{\"@context\":\"https:\/\/schema.org\",\"@graph\":[{\"@type\":\"WebPage\",\"@id\":\"https:\/\/fixtech.com.br\/cursos\/macos\/\",\"url\":\"https:\/\/fixtech.com.br\/cursos\/macos\/\",\"name\":\"macOs - FixTech Training\",\"isPartOf\":{\"@id\":\"https:\/\/fixtech.com.br\/cursos\/#website\"},\"datePublished\":\"2022-06-04T17:56:31+00:00\",\"dateModified\":\"2022-09-13T20:50:52+00:00\",\"breadcrumb\":{\"@id\":\"https:\/\/fixtech.com.br\/cursos\/macos\/#breadcrumb\"},\"inLanguage\":\"pt-BR\",\"potentialAction\":[{\"@type\":\"ReadAction\",\"target\":[\"https:\/\/fixtech.com.br\/cursos\/macos\/\"]}]},{\"@type\":\"BreadcrumbList\",\"@id\":\"https:\/\/fixtech.com.br\/cursos\/macos\/#breadcrumb\",\"itemListElement\":[{\"@type\":\"ListItem\",\"position\":1,\"name\":\"In\u00edcio\",\"item\":\"https:\/\/fixtech.com.br\/cursos\/\"},{\"@type\":\"ListItem\",\"position\":2,\"name\":\"macOs\"}]},{\"@type\":\"WebSite\",\"@id\":\"https:\/\/fixtech.com.br\/cursos\/#website\",\"url\":\"https:\/\/fixtech.com.br\/cursos\/\",\"name\":\"FixTech Training\",\"description\":\"\",\"publisher\":{\"@id\":\"https:\/\/fixtech.com.br\/cursos\/#organization\"},\"potentialAction\":[{\"@type\":\"SearchAction\",\"target\":{\"@type\":\"EntryPoint\",\"urlTemplate\":\"https:\/\/fixtech.com.br\/cursos\/?s={search_term_string}\"},\"query-input\":{\"@type\":\"PropertyValueSpecification\",\"valueRequired\":true,\"valueName\":\"search_term_string\"}}],\"inLanguage\":\"pt-BR\"},{\"@type\":\"Organization\",\"@id\":\"https:\/\/fixtech.com.br\/cursos\/#organization\",\"name\":\"FixTech Training\",\"url\":\"https:\/\/fixtech.com.br\/cursos\/\",\"logo\":{\"@type\":\"ImageObject\",\"inLanguage\":\"pt-BR\",\"@id\":\"https:\/\/fixtech.com.br\/cursos\/#\/schema\/logo\/image\/\",\"url\":\"https:\/\/i0.wp.com\/cursos.fixtech.com.br\/wp-content\/uploads\/2022\/06\/cropped-1.png?fit=200%2C80&ssl=1\",\"contentUrl\":\"https:\/\/i0.wp.com\/cursos.fixtech.com.br\/wp-content\/uploads\/2022\/06\/cropped-1.png?fit=200%2C80&ssl=1\",\"width\":200,\"height\":80,\"caption\":\"FixTech Training\"},\"image\":{\"@id\":\"https:\/\/fixtech.com.br\/cursos\/#\/schema\/logo\/image\/\"},\"sameAs\":[\"https:\/\/facebook.com\/fixtechbrasil\",\"https:\/\/x.com\/fixtechbrasil\",\"https:\/\/instagram.com\/fixtechbrasil\",\"https:\/\/youtube.com\/canalfixtech\"]}]}<\/script>\n<!-- \/ Yoast SEO plugin. -->","yoast_head_json":{"title":"macOs - FixTech Training","robots":{"index":"index","follow":"follow","max-snippet":"max-snippet:-1","max-image-preview":"max-image-preview:large","max-video-preview":"max-video-preview:-1"},"canonical":"https:\/\/fixtech.com.br\/cursos\/macos\/","og_locale":"pt_BR","og_type":"article","og_title":"macOs - FixTech Training","og_url":"https:\/\/fixtech.com.br\/cursos\/macos\/","og_site_name":"FixTech Training","article_publisher":"https:\/\/facebook.com\/fixtechbrasil","article_modified_time":"2022-09-13T20:50:52+00:00","twitter_card":"summary_large_image","twitter_site":"@fixtechbrasil","schema":{"@context":"https:\/\/schema.org","@graph":[{"@type":"WebPage","@id":"https:\/\/fixtech.com.br\/cursos\/macos\/","url":"https:\/\/fixtech.com.br\/cursos\/macos\/","name":"macOs - FixTech Training","isPartOf":{"@id":"https:\/\/fixtech.com.br\/cursos\/#website"},"datePublished":"2022-06-04T17:56:31+00:00","dateModified":"2022-09-13T20:50:52+00:00","breadcrumb":{"@id":"https:\/\/fixtech.com.br\/cursos\/macos\/#breadcrumb"},"inLanguage":"pt-BR","potentialAction":[{"@type":"ReadAction","target":["https:\/\/fixtech.com.br\/cursos\/macos\/"]}]},{"@type":"BreadcrumbList","@id":"https:\/\/fixtech.com.br\/cursos\/macos\/#breadcrumb","itemListElement":[{"@type":"ListItem","position":1,"name":"In\u00edcio","item":"https:\/\/fixtech.com.br\/cursos\/"},{"@type":"ListItem","position":2,"name":"macOs"}]},{"@type":"WebSite","@id":"https:\/\/fixtech.com.br\/cursos\/#website","url":"https:\/\/fixtech.com.br\/cursos\/","name":"FixTech Training","description":"","publisher":{"@id":"https:\/\/fixtech.com.br\/cursos\/#organization"},"potentialAction":[{"@type":"SearchAction","target":{"@type":"EntryPoint","urlTemplate":"https:\/\/fixtech.com.br\/cursos\/?s={search_term_string}"},"query-input":{"@type":"PropertyValueSpecification","valueRequired":true,"valueName":"search_term_string"}}],"inLanguage":"pt-BR"},{"@type":"Organization","@id":"https:\/\/fixtech.com.br\/cursos\/#organization","name":"FixTech Training","url":"https:\/\/fixtech.com.br\/cursos\/","logo":{"@type":"ImageObject","inLanguage":"pt-BR","@id":"https:\/\/fixtech.com.br\/cursos\/#\/schema\/logo\/image\/","url":"https:\/\/i0.wp.com\/cursos.fixtech.com.br\/wp-content\/uploads\/2022\/06\/cropped-1.png?fit=200%2C80&ssl=1","contentUrl":"https:\/\/i0.wp.com\/cursos.fixtech.com.br\/wp-content\/uploads\/2022\/06\/cropped-1.png?fit=200%2C80&ssl=1","width":200,"height":80,"caption":"FixTech Training"},"image":{"@id":"https:\/\/fixtech.com.br\/cursos\/#\/schema\/logo\/image\/"},"sameAs":["https:\/\/facebook.com\/fixtechbrasil","https:\/\/x.com\/fixtechbrasil","https:\/\/instagram.com\/fixtechbrasil","https:\/\/youtube.com\/canalfixtech"]}]}},"jetpack-related-posts":[{"id":3062,"url":"https:\/\/fixtech.com.br\/cursos\/reparo-de-placa-logica-de-mac\/","url_meta":{"origin":3064,"position":0},"title":"Reparo de Placa L\u00f3gica de Mac","author":"douglasdio","date":"junho 4, 2022","format":false,"excerpt":"","rel":"","context":"Post similar","block_context":{"text":"Post similar","link":""},"img":{"alt_text":"","src":"","width":0,"height":0},"classes":[]},{"id":3026,"url":"https:\/\/fixtech.com.br\/cursos\/","url_meta":{"origin":3064,"position":1},"title":"Home","author":"douglasdio","date":"abril 28, 2021","format":false,"excerpt":"Cursos Online e Presenciais Centro de Treinamento Avan\u00e7ado Cursos produzidos por t\u00e9cnicos com experiencia em bancada e reparos avan\u00e7ados. Cursos Online e PresenciaisAprenda sem sair de casa ou tendo a experiencia em bancada. Instrutores ExperientesOs instrutores da FixTech Training s\u00e3o t\u00e9cnicos com muita experiencia pr\u00e1tica. Acesso IlimitadoCursos online com acesso\u2026","rel":"","context":"Post similar","block_context":{"text":"Post similar","link":""},"img":{"alt_text":"Curso de Macbook","src":"https:\/\/i0.wp.com\/fixtech.com.br\/cursos\/wp-content\/uploads\/2022\/06\/IMG_0129-2-scaled.jpg?fit=1200%2C800&ssl=1&resize=350%2C200","width":350,"height":200,"srcset":"https:\/\/i0.wp.com\/fixtech.com.br\/cursos\/wp-content\/uploads\/2022\/06\/IMG_0129-2-scaled.jpg?fit=1200%2C800&ssl=1&resize=350%2C200 1x, https:\/\/i0.wp.com\/fixtech.com.br\/cursos\/wp-content\/uploads\/2022\/06\/IMG_0129-2-scaled.jpg?fit=1200%2C800&ssl=1&resize=525%2C300 1.5x, https:\/\/i0.wp.com\/fixtech.com.br\/cursos\/wp-content\/uploads\/2022\/06\/IMG_0129-2-scaled.jpg?fit=1200%2C800&ssl=1&resize=700%2C400 2x, https:\/\/i0.wp.com\/fixtech.com.br\/cursos\/wp-content\/uploads\/2022\/06\/IMG_0129-2-scaled.jpg?fit=1200%2C800&ssl=1&resize=1050%2C600 3x"},"classes":[]},{"id":3060,"url":"https:\/\/fixtech.com.br\/cursos\/macbook\/","url_meta":{"origin":3064,"position":2},"title":"Curso de Manuten\u00e7\u00e3o de MacBook","author":"douglasdio","date":"junho 4, 2022","format":false,"excerpt":"Curso Online | EAD Curso de Manuten\u00e7\u00e3o de MacBook Nesse curso voc\u00ea vai aprender a diagnosticar e resolver problemas do MacBook, macOs e placa l\u00f3gica. Comprar Agora Aulas Gratuitas Assista gratuitamente mais de 9 horas de aulas sobre o conserto de MacBook. Aprenda sobre a profiss\u00e3o de t\u00e9cnico em MacBook,\u2026","rel":"","context":"Post similar","block_context":{"text":"Post similar","link":""},"img":{"alt_text":"","src":"https:\/\/i0.wp.com\/fixtech.com.br\/cursos\/wp-content\/uploads\/2022\/08\/1-3.jpg?resize=350%2C200&ssl=1","width":350,"height":200,"srcset":"https:\/\/i0.wp.com\/fixtech.com.br\/cursos\/wp-content\/uploads\/2022\/08\/1-3.jpg?resize=350%2C200&ssl=1 1x, https:\/\/i0.wp.com\/fixtech.com.br\/cursos\/wp-content\/uploads\/2022\/08\/1-3.jpg?resize=525%2C300&ssl=1 1.5x, https:\/\/i0.wp.com\/fixtech.com.br\/cursos\/wp-content\/uploads\/2022\/08\/1-3.jpg?resize=700%2C400&ssl=1 2x, https:\/\/i0.wp.com\/fixtech.com.br\/cursos\/wp-content\/uploads\/2022\/08\/1-3.jpg?resize=1050%2C600&ssl=1 3x"},"classes":[]},{"id":3245,"url":"https:\/\/fixtech.com.br\/cursos\/programas\/techtool-pro\/","url_meta":{"origin":3064,"position":3},"title":"Techtool Pro","author":"douglasdio","date":"julho 15, 2022","format":false,"excerpt":"Programa utilizado para realizar diagnostico no Mac Download","rel":"","context":"Post similar","block_context":{"text":"Post similar","link":""},"img":{"alt_text":"","src":"https:\/\/i0.wp.com\/fixtech.com.br\/cursos\/wp-content\/uploads\/2022\/07\/5729techtool-pro.large_.png?resize=350%2C200&ssl=1","width":350,"height":200},"classes":[]},{"id":3236,"url":"https:\/\/fixtech.com.br\/cursos\/programas\/macs-fan-control\/","url_meta":{"origin":3064,"position":4},"title":"Macs Fan Control","author":"douglasdio","date":"julho 15, 2022","format":false,"excerpt":"Programa utilizado para controlar os coolers do Mac. Download","rel":"","context":"Post similar","block_context":{"text":"Post similar","link":""},"img":{"alt_text":"","src":"https:\/\/i0.wp.com\/fixtech.com.br\/cursos\/wp-content\/uploads\/2022\/07\/81d56e10abfe36445f27d72dfac9aab3597316d20fba759c3cb60fbc173313c1-600.webp?resize=350%2C200&ssl=1","width":350,"height":200,"srcset":"https:\/\/i0.wp.com\/fixtech.com.br\/cursos\/wp-content\/uploads\/2022\/07\/81d56e10abfe36445f27d72dfac9aab3597316d20fba759c3cb60fbc173313c1-600.webp?resize=350%2C200&ssl=1 1x, https:\/\/i0.wp.com\/fixtech.com.br\/cursos\/wp-content\/uploads\/2022\/07\/81d56e10abfe36445f27d72dfac9aab3597316d20fba759c3cb60fbc173313c1-600.webp?resize=525%2C300&ssl=1 1.5x, https:\/\/i0.wp.com\/fixtech.com.br\/cursos\/wp-content\/uploads\/2022\/07\/81d56e10abfe36445f27d72dfac9aab3597316d20fba759c3cb60fbc173313c1-600.webp?resize=700%2C400&ssl=1 2x, https:\/\/i0.wp.com\/fixtech.com.br\/cursos\/wp-content\/uploads\/2022\/07\/81d56e10abfe36445f27d72dfac9aab3597316d20fba759c3cb60fbc173313c1-600.webp?resize=1050%2C600&ssl=1 3x"},"classes":[]}],"jetpack_sharing_enabled":true,"_links":{"self":[{"href":"https:\/\/fixtech.com.br\/cursos\/wp-json\/wp\/v2\/pages\/3064","targetHints":{"allow":["GET"]}}],"collection":[{"href":"https:\/\/fixtech.com.br\/cursos\/wp-json\/wp\/v2\/pages"}],"about":[{"href":"https:\/\/fixtech.com.br\/cursos\/wp-json\/wp\/v2\/types\/page"}],"author":[{"embeddable":true,"href":"https:\/\/fixtech.com.br\/cursos\/wp-json\/wp\/v2\/users\/1"}],"replies":[{"embeddable":true,"href":"https:\/\/fixtech.com.br\/cursos\/wp-json\/wp\/v2\/comments?post=3064"}],"version-history":[{"count":1,"href":"https:\/\/fixtech.com.br\/cursos\/wp-json\/wp\/v2\/pages\/3064\/revisions"}],"predecessor-version":[{"id":3065,"href":"https:\/\/fixtech.com.br\/cursos\/wp-json\/wp\/v2\/pages\/3064\/revisions\/3065"}],"wp:attachment":[{"href":"https:\/\/fixtech.com.br\/cursos\/wp-json\/wp\/v2\/media?parent=3064"}],"curies":[{"name":"wp","href":"https:\/\/api.w.org\/{rel}","templated":true}]}}